{"id":7,"date":"2025-03-07T11:31:25","date_gmt":"2025-03-07T11:31:25","guid":{"rendered":"https:\/\/yourr.internetstars.pl\/index\/"},"modified":"2025-03-17T10:03:55","modified_gmt":"2025-03-17T10:03:55","slug":"index","status":"publish","type":"page","link":"https:\/\/yourr.app\/ar\/","title":{"rendered":"\u0627\u0644\u0635\u0641\u062d\u0629 \u0627\u0644\u0631\u0626\u064a\u0633\u064a\u0629"},"content":{"rendered":"","protected":false},"excerpt":{"rendered":"","protected":false},"author":1,"featured_media":0,"parent":0,"menu_order":0,"comment_status":"closed","ping_status":"closed","template":"","meta":{"footnotes":""},"class_list":["post-7","page","type-page","status-publish","hentry"],"yoast_head":"<!-- This site is optimized with the Yoast SEO plugin v24.9 - https:\/\/yoast.com\/wordpress\/plugins\/seo\/ -->\n<title>Homepage - Yourr<\/title>\n<meta name=\"description\" content=\"Yourr.app - aplikacja oparta na sztucznej inteligencji, kt\u00f3ra pomaga poprawi\u0107 samopoczucie psychiczne, poprawi\u0107 nauk\u0119 i budowa\u0107 nawyki.\" \/>\n<meta name=\"robots\" content=\"index, follow, max-snippet:-1, max-image-preview:large, max-video-preview:-1\" \/>\n<link rel=\"canonical\" href=\"https:\/\/yourr.app\/ar\/\" \/>\n<meta property=\"og:locale\" content=\"ar_AR\" \/>\n<meta property=\"og:type\" content=\"article\" \/>\n<meta property=\"og:title\" content=\"Homepage - Yourr\" \/>\n<meta property=\"og:description\" content=\"Yourr.app - aplikacja oparta na sztucznej inteligencji, kt\u00f3ra pomaga poprawi\u0107 samopoczucie psychiczne, poprawi\u0107 nauk\u0119 i budowa\u0107 nawyki.\" \/>\n<meta property=\"og:url\" content=\"https:\/\/yourr.app\/ar\/\" \/>\n<meta property=\"og:site_name\" content=\"Yourr\" \/>\n<meta property=\"article:publisher\" content=\"https:\/\/www.facebook.com\/yourrapp\" \/>\n<meta property=\"article:modified_time\" content=\"2025-03-17T10:03:55+00:00\" \/>\n<meta name=\"twitter:card\" content=\"summary_large_image\" \/>\n<script type=\"application\/ld+json\" class=\"yoast-schema-graph\">{\"@context\":\"https:\/\/schema.org\",\"@graph\":[{\"@type\":\"WebPage\",\"@id\":\"https:\/\/yourr.app\/\",\"url\":\"https:\/\/yourr.app\/\",\"name\":\"Homepage - Yourr\",\"isPartOf\":{\"@id\":\"https:\/\/yourr.app\/#website\"},\"datePublished\":\"2025-03-07T11:31:25+00:00\",\"dateModified\":\"2025-03-17T10:03:55+00:00\",\"description\":\"Yourr.app - aplikacja oparta na sztucznej inteligencji, kt\u00f3ra pomaga poprawi\u0107 samopoczucie psychiczne, poprawi\u0107 nauk\u0119 i budowa\u0107 nawyki.\",\"breadcrumb\":{\"@id\":\"https:\/\/yourr.app\/#breadcrumb\"},\"inLanguage\":\"ar\",\"potentialAction\":[{\"@type\":\"ReadAction\",\"target\":[\"https:\/\/yourr.app\/\"]}]},{\"@type\":\"BreadcrumbList\",\"@id\":\"https:\/\/yourr.app\/#breadcrumb\",\"itemListElement\":[{\"@type\":\"ListItem\",\"position\":1,\"name\":\"Strona g\u0142\u00f3wna\",\"item\":\"https:\/\/yourr.app\/\"},{\"@type\":\"ListItem\",\"position\":2,\"name\":\"Homepage\"}]},{\"@type\":\"WebSite\",\"@id\":\"https:\/\/yourr.app\/#website\",\"url\":\"https:\/\/yourr.app\/\",\"name\":\"Yourr.app\",\"description\":\"\",\"publisher\":{\"@id\":\"https:\/\/yourr.app\/#organization\"},\"potentialAction\":[{\"@type\":\"SearchAction\",\"target\":{\"@type\":\"EntryPoint\",\"urlTemplate\":\"https:\/\/yourr.app\/?s={search_term_string}\"},\"query-input\":{\"@type\":\"PropertyValueSpecification\",\"valueRequired\":true,\"valueName\":\"search_term_string\"}}],\"inLanguage\":\"ar\"},{\"@type\":\"Organization\",\"@id\":\"https:\/\/yourr.app\/#organization\",\"name\":\"Yourr.app\",\"url\":\"https:\/\/yourr.app\/\",\"logo\":{\"@type\":\"ImageObject\",\"inLanguage\":\"ar\",\"@id\":\"https:\/\/yourr.app\/#\/schema\/logo\/image\/\",\"url\":\"https:\/\/yourr.app\/wp-content\/uploads\/2025\/03\/logotyp-bez-ta-p-500.png\",\"contentUrl\":\"https:\/\/yourr.app\/wp-content\/uploads\/2025\/03\/logotyp-bez-ta-p-500.png\",\"width\":500,\"height\":109,\"caption\":\"Yourr.app\"},\"image\":{\"@id\":\"https:\/\/yourr.app\/#\/schema\/logo\/image\/\"},\"sameAs\":[\"https:\/\/www.facebook.com\/yourrapp\",\"https:\/\/www.instagram.com\/yourr.app\/\"]}]}<\/script>\n<!-- \/ Yoast SEO plugin. -->","yoast_head_json":{"title":"Homepage - Yourr","description":"Yourr.app - aplikacja oparta na sztucznej inteligencji, kt\u00f3ra pomaga poprawi\u0107 samopoczucie psychiczne, poprawi\u0107 nauk\u0119 i budowa\u0107 nawyki.","robots":{"index":"index","follow":"follow","max-snippet":"max-snippet:-1","max-image-preview":"max-image-preview:large","max-video-preview":"max-video-preview:-1"},"canonical":"https:\/\/yourr.app\/ar\/","og_locale":"ar_AR","og_type":"article","og_title":"Homepage - Yourr","og_description":"Yourr.app - aplikacja oparta na sztucznej inteligencji, kt\u00f3ra pomaga poprawi\u0107 samopoczucie psychiczne, poprawi\u0107 nauk\u0119 i budowa\u0107 nawyki.","og_url":"https:\/\/yourr.app\/ar\/","og_site_name":"Yourr","article_publisher":"https:\/\/www.facebook.com\/yourrapp","article_modified_time":"2025-03-17T10:03:55+00:00","twitter_card":"summary_large_image","schema":{"@context":"https:\/\/schema.org","@graph":[{"@type":"WebPage","@id":"https:\/\/yourr.app\/","url":"https:\/\/yourr.app\/","name":"Homepage - Yourr","isPartOf":{"@id":"https:\/\/yourr.app\/#website"},"datePublished":"2025-03-07T11:31:25+00:00","dateModified":"2025-03-17T10:03:55+00:00","description":"Yourr.app - aplikacja oparta na sztucznej inteligencji, kt\u00f3ra pomaga poprawi\u0107 samopoczucie psychiczne, poprawi\u0107 nauk\u0119 i budowa\u0107 nawyki.","breadcrumb":{"@id":"https:\/\/yourr.app\/#breadcrumb"},"inLanguage":"ar","potentialAction":[{"@type":"ReadAction","target":["https:\/\/yourr.app\/"]}]},{"@type":"BreadcrumbList","@id":"https:\/\/yourr.app\/#breadcrumb","itemListElement":[{"@type":"ListItem","position":1,"name":"Strona g\u0142\u00f3wna","item":"https:\/\/yourr.app\/"},{"@type":"ListItem","position":2,"name":"Homepage"}]},{"@type":"WebSite","@id":"https:\/\/yourr.app\/#website","url":"https:\/\/yourr.app\/","name":"Yourr.app","description":"","publisher":{"@id":"https:\/\/yourr.app\/#organization"},"potentialAction":[{"@type":"SearchAction","target":{"@type":"EntryPoint","urlTemplate":"https:\/\/yourr.app\/?s={search_term_string}"},"query-input":{"@type":"PropertyValueSpecification","valueRequired":true,"valueName":"search_term_string"}}],"inLanguage":"ar"},{"@type":"Organization","@id":"https:\/\/yourr.app\/#organization","name":"Yourr.app","url":"https:\/\/yourr.app\/","logo":{"@type":"ImageObject","inLanguage":"ar","@id":"https:\/\/yourr.app\/#\/schema\/logo\/image\/","url":"https:\/\/yourr.app\/wp-content\/uploads\/2025\/03\/logotyp-bez-ta-p-500.png","contentUrl":"https:\/\/yourr.app\/wp-content\/uploads\/2025\/03\/logotyp-bez-ta-p-500.png","width":500,"height":109,"caption":"Yourr.app"},"image":{"@id":"https:\/\/yourr.app\/#\/schema\/logo\/image\/"},"sameAs":["https:\/\/www.facebook.com\/yourrapp","https:\/\/www.instagram.com\/yourr.app\/"]}]}},"_links":{"self":[{"href":"https:\/\/yourr.app\/ar\/wp-json\/wp\/v2\/pages\/7","targetHints":{"allow":["GET"]}}],"collection":[{"href":"https:\/\/yourr.app\/ar\/wp-json\/wp\/v2\/pages"}],"about":[{"href":"https:\/\/yourr.app\/ar\/wp-json\/wp\/v2\/types\/page"}],"author":[{"embeddable":true,"href":"https:\/\/yourr.app\/ar\/wp-json\/wp\/v2\/users\/1"}],"replies":[{"embeddable":true,"href":"https:\/\/yourr.app\/ar\/wp-json\/wp\/v2\/comments?post=7"}],"version-history":[{"count":1,"href":"https:\/\/yourr.app\/ar\/wp-json\/wp\/v2\/pages\/7\/revisions"}],"predecessor-version":[{"id":16,"href":"https:\/\/yourr.app\/ar\/wp-json\/wp\/v2\/pages\/7\/revisions\/16"}],"wp:attachment":[{"href":"https:\/\/yourr.app\/ar\/wp-json\/wp\/v2\/media?parent=7"}],"curies":[{"name":"wp","href":"https:\/\/api.w.org\/{rel}","templated":true}]}}